{"id":322,"date":"2025-01-06T13:50:39","date_gmt":"2025-01-06T13:50:39","guid":{"rendered":"https:\/\/eliansfadenzauber.de\/?post_type=product&#038;p=322"},"modified":"2025-11-12T09:13:17","modified_gmt":"2025-11-12T09:13:17","slug":"u-heft-huelle-triceratops-oder-personalisiert-mit-wunschmotiv-und-namen","status":"publish","type":"product","link":"https:\/\/eliansfadenzauber.de\/?product=u-heft-huelle-triceratops-oder-personalisiert-mit-wunschmotiv-und-namen","title":{"rendered":"U-Heft H\u00fclle Triceratops oder personalisiert mit Wunschmotiv und Namen"},"content":{"rendered":"<p>Diese U-Heft-H\u00fclle ist das perfekte Geschenk zur Geburt. Sie sch\u00fctzt das U-Heft in den Jahren, die es das Kind begleitet, stilvoll.<\/p>\n<p>Passend f\u00fcr das deutsche U-Heft. Handgefertigt aus 3 mm starkem Polyesterfilz in Grau meliert. Optional bietet sie zus\u00e4tzlich Platz f\u00fcr den Impfpass, auf Wunsch auch f\u00fcr die Krankenkarte. Die Farbe der Schrift ist frei w\u00e4hlbar.<\/p>\n<p>Jetzt neu! Auch die Farbe der Perlen kann frei gew\u00e4hlt werden.<\/p>\n<p>Optional verschlie\u00dfbar mit Gummiband in Grau oder mit Druckknopf.<\/p>\n","protected":false},"excerpt":{"rendered":"<p>Diese U-Heft-H\u00fclle ist das perfekte Geschenk zur Geburt. Sie sch\u00fctzt das U-Heft in den Jahren, die es das Kind begleitet, stilvoll.<\/p>\n","protected":false},"featured_media":325,"template":"","meta":[],"product_brand":[],"product_cat":[18],"product_tag":[],"class_list":{"0":"post-322","1":"product","2":"type-product","3":"status-publish","4":"has-post-thumbnail","6":"product_cat-huellen-mappen-und-kissen","7":"product_shipping_class-shipping-small","9":"first","10":"instock","11":"shipping-taxable","12":"purchasable","13":"product-type-variable"},"yoast_head":"<!-- This site is optimized with the Yoast SEO plugin v27.4 - https:\/\/yoast.com\/product\/yoast-seo-wordpress\/ -->\n<title>U-Heft H\u00fclle Triceratops oder personalisiert mit Wunschmotiv und Namen - Elians Fadenzauber<\/title>\n<meta name=\"robots\" content=\"index, follow, max-snippet:-1, max-image-preview:large, max-video-preview:-1\" \/>\n<link rel=\"canonical\" href=\"https:\/\/eliansfadenzauber.de\/?product=u-heft-huelle-triceratops-oder-personalisiert-mit-wunschmotiv-und-namen\" \/>\n<meta property=\"og:locale\" content=\"de_DE\" \/>\n<meta property=\"og:type\" content=\"article\" \/>\n<meta property=\"og:title\" content=\"U-Heft H\u00fclle Triceratops oder personalisiert mit Wunschmotiv und Namen - Elians Fadenzauber\" \/>\n<meta property=\"og:description\" content=\"Diese U-Heft-H\u00fclle ist das perfekte Geschenk zur Geburt. Sie sch\u00fctzt das U-Heft in den Jahren, die es das Kind begleitet, stilvoll.\" \/>\n<meta property=\"og:url\" content=\"https:\/\/eliansfadenzauber.de\/?product=u-heft-huelle-triceratops-oder-personalisiert-mit-wunschmotiv-und-namen\" \/>\n<meta property=\"og:site_name\" content=\"Elians Fadenzauber\" \/>\n<meta property=\"article:publisher\" content=\"https:\/\/www.facebook.com\/EliansFadenzauber\" \/>\n<meta property=\"article:modified_time\" content=\"2025-11-12T09:13:17+00:00\" \/>\n<meta property=\"og:image\" content=\"https:\/\/eliansfadenzauber.de\/wp-content\/uploads\/2025\/01\/IMG-20250106-WA0039.jpg\" \/>\n\t<meta property=\"og:image:width\" content=\"1499\" \/>\n\t<meta property=\"og:image:height\" content=\"1500\" \/>\n\t<meta property=\"og:image:type\" content=\"image\/jpeg\" \/>\n<meta name=\"twitter:card\" content=\"summary_large_image\" \/>\n<meta name=\"twitter:label1\" content=\"Gesch\u00e4tzte Lesezeit\" \/>\n\t<meta name=\"twitter:data1\" content=\"1\u00a0Minute\" \/>\n<script type=\"application\/ld+json\" class=\"yoast-schema-graph\">{\"@context\":\"https:\\\/\\\/schema.org\",\"@graph\":[{\"@type\":\"WebPage\",\"@id\":\"https:\\\/\\\/eliansfadenzauber.de\\\/?product=u-heft-huelle-triceratops-oder-personalisiert-mit-wunschmotiv-und-namen\",\"url\":\"https:\\\/\\\/eliansfadenzauber.de\\\/?product=u-heft-huelle-triceratops-oder-personalisiert-mit-wunschmotiv-und-namen\",\"name\":\"U-Heft H\u00fclle Triceratops oder personalisiert mit Wunschmotiv und Namen - Elians Fadenzauber\",\"isPartOf\":{\"@id\":\"https:\\\/\\\/eliansfadenzauber.de\\\/#website\"},\"primaryImageOfPage\":{\"@id\":\"https:\\\/\\\/eliansfadenzauber.de\\\/?product=u-heft-huelle-triceratops-oder-personalisiert-mit-wunschmotiv-und-namen#primaryimage\"},\"image\":{\"@id\":\"https:\\\/\\\/eliansfadenzauber.de\\\/?product=u-heft-huelle-triceratops-oder-personalisiert-mit-wunschmotiv-und-namen#primaryimage\"},\"thumbnailUrl\":\"https:\\\/\\\/eliansfadenzauber.de\\\/wp-content\\\/uploads\\\/2025\\\/01\\\/IMG-20250106-WA0039.jpg\",\"datePublished\":\"2025-01-06T13:50:39+00:00\",\"dateModified\":\"2025-11-12T09:13:17+00:00\",\"breadcrumb\":{\"@id\":\"https:\\\/\\\/eliansfadenzauber.de\\\/?product=u-heft-huelle-triceratops-oder-personalisiert-mit-wunschmotiv-und-namen#breadcrumb\"},\"inLanguage\":\"de\",\"potentialAction\":[{\"@type\":\"ReadAction\",\"target\":[\"https:\\\/\\\/eliansfadenzauber.de\\\/?product=u-heft-huelle-triceratops-oder-personalisiert-mit-wunschmotiv-und-namen\"]}]},{\"@type\":\"ImageObject\",\"inLanguage\":\"de\",\"@id\":\"https:\\\/\\\/eliansfadenzauber.de\\\/?product=u-heft-huelle-triceratops-oder-personalisiert-mit-wunschmotiv-und-namen#primaryimage\",\"url\":\"https:\\\/\\\/eliansfadenzauber.de\\\/wp-content\\\/uploads\\\/2025\\\/01\\\/IMG-20250106-WA0039.jpg\",\"contentUrl\":\"https:\\\/\\\/eliansfadenzauber.de\\\/wp-content\\\/uploads\\\/2025\\\/01\\\/IMG-20250106-WA0039.jpg\",\"width\":1499,\"height\":1500},{\"@type\":\"BreadcrumbList\",\"@id\":\"https:\\\/\\\/eliansfadenzauber.de\\\/?product=u-heft-huelle-triceratops-oder-personalisiert-mit-wunschmotiv-und-namen#breadcrumb\",\"itemListElement\":[{\"@type\":\"ListItem\",\"position\":1,\"name\":\"Startseite\",\"item\":\"https:\\\/\\\/eliansfadenzauber.de\\\/\"},{\"@type\":\"ListItem\",\"position\":2,\"name\":\"Produkte\",\"item\":\"https:\\\/\\\/eliansfadenzauber.de\\\/?page_id=7\"},{\"@type\":\"ListItem\",\"position\":3,\"name\":\"U-Heft H\u00fclle Triceratops oder personalisiert mit Wunschmotiv und Namen\"}]},{\"@type\":\"WebSite\",\"@id\":\"https:\\\/\\\/eliansfadenzauber.de\\\/#website\",\"url\":\"https:\\\/\\\/eliansfadenzauber.de\\\/\",\"name\":\"Elians Fadenzauber\",\"description\":\"Handgefertigte Unikate und personalisierte Produkte. Individuell gestaltete Toniebox-Taschen, Rucks&auml;cke, Kleidung &amp; mehr. Perfekt f&uuml;r Gro&szlig; und Klein!\",\"publisher\":{\"@id\":\"https:\\\/\\\/eliansfadenzauber.de\\\/#organization\"},\"potentialAction\":[{\"@type\":\"SearchAction\",\"target\":{\"@type\":\"EntryPoint\",\"urlTemplate\":\"https:\\\/\\\/eliansfadenzauber.de\\\/?s={search_term_string}\"},\"query-input\":{\"@type\":\"PropertyValueSpecification\",\"valueRequired\":true,\"valueName\":\"search_term_string\"}}],\"inLanguage\":\"de\"},{\"@type\":\"Organization\",\"@id\":\"https:\\\/\\\/eliansfadenzauber.de\\\/#organization\",\"name\":\"Elians Fadenzauber\",\"url\":\"https:\\\/\\\/eliansfadenzauber.de\\\/\",\"logo\":{\"@type\":\"ImageObject\",\"inLanguage\":\"de\",\"@id\":\"https:\\\/\\\/eliansfadenzauber.de\\\/#\\\/schema\\\/logo\\\/image\\\/\",\"url\":\"https:\\\/\\\/eliansfadenzauber.de\\\/wp-content\\\/uploads\\\/2025\\\/01\\\/EliansfadenzauberLogo-1.png\",\"contentUrl\":\"https:\\\/\\\/eliansfadenzauber.de\\\/wp-content\\\/uploads\\\/2025\\\/01\\\/EliansfadenzauberLogo-1.png\",\"width\":799,\"height\":780,\"caption\":\"Elians Fadenzauber\"},\"image\":{\"@id\":\"https:\\\/\\\/eliansfadenzauber.de\\\/#\\\/schema\\\/logo\\\/image\\\/\"},\"sameAs\":[\"https:\\\/\\\/www.facebook.com\\\/EliansFadenzauber\",\"https:\\\/\\\/www.instagram.com\\\/eliansfadenzauber\\\/\"]}]}<\/script>\n<!-- \/ Yoast SEO plugin. -->","yoast_head_json":{"title":"U-Heft H\u00fclle Triceratops oder personalisiert mit Wunschmotiv und Namen - Elians Fadenzauber","robots":{"index":"index","follow":"follow","max-snippet":"max-snippet:-1","max-image-preview":"max-image-preview:large","max-video-preview":"max-video-preview:-1"},"canonical":"https:\/\/eliansfadenzauber.de\/?product=u-heft-huelle-triceratops-oder-personalisiert-mit-wunschmotiv-und-namen","og_locale":"de_DE","og_type":"article","og_title":"U-Heft H\u00fclle Triceratops oder personalisiert mit Wunschmotiv und Namen - Elians Fadenzauber","og_description":"Diese U-Heft-H\u00fclle ist das perfekte Geschenk zur Geburt. Sie sch\u00fctzt das U-Heft in den Jahren, die es das Kind begleitet, stilvoll.","og_url":"https:\/\/eliansfadenzauber.de\/?product=u-heft-huelle-triceratops-oder-personalisiert-mit-wunschmotiv-und-namen","og_site_name":"Elians Fadenzauber","article_publisher":"https:\/\/www.facebook.com\/EliansFadenzauber","article_modified_time":"2025-11-12T09:13:17+00:00","og_image":[{"width":1499,"height":1500,"url":"https:\/\/eliansfadenzauber.de\/wp-content\/uploads\/2025\/01\/IMG-20250106-WA0039.jpg","type":"image\/jpeg"}],"twitter_card":"summary_large_image","twitter_misc":{"Gesch\u00e4tzte Lesezeit":"1\u00a0Minute"},"schema":{"@context":"https:\/\/schema.org","@graph":[{"@type":"WebPage","@id":"https:\/\/eliansfadenzauber.de\/?product=u-heft-huelle-triceratops-oder-personalisiert-mit-wunschmotiv-und-namen","url":"https:\/\/eliansfadenzauber.de\/?product=u-heft-huelle-triceratops-oder-personalisiert-mit-wunschmotiv-und-namen","name":"U-Heft H\u00fclle Triceratops oder personalisiert mit Wunschmotiv und Namen - Elians Fadenzauber","isPartOf":{"@id":"https:\/\/eliansfadenzauber.de\/#website"},"primaryImageOfPage":{"@id":"https:\/\/eliansfadenzauber.de\/?product=u-heft-huelle-triceratops-oder-personalisiert-mit-wunschmotiv-und-namen#primaryimage"},"image":{"@id":"https:\/\/eliansfadenzauber.de\/?product=u-heft-huelle-triceratops-oder-personalisiert-mit-wunschmotiv-und-namen#primaryimage"},"thumbnailUrl":"https:\/\/eliansfadenzauber.de\/wp-content\/uploads\/2025\/01\/IMG-20250106-WA0039.jpg","datePublished":"2025-01-06T13:50:39+00:00","dateModified":"2025-11-12T09:13:17+00:00","breadcrumb":{"@id":"https:\/\/eliansfadenzauber.de\/?product=u-heft-huelle-triceratops-oder-personalisiert-mit-wunschmotiv-und-namen#breadcrumb"},"inLanguage":"de","potentialAction":[{"@type":"ReadAction","target":["https:\/\/eliansfadenzauber.de\/?product=u-heft-huelle-triceratops-oder-personalisiert-mit-wunschmotiv-und-namen"]}]},{"@type":"ImageObject","inLanguage":"de","@id":"https:\/\/eliansfadenzauber.de\/?product=u-heft-huelle-triceratops-oder-personalisiert-mit-wunschmotiv-und-namen#primaryimage","url":"https:\/\/eliansfadenzauber.de\/wp-content\/uploads\/2025\/01\/IMG-20250106-WA0039.jpg","contentUrl":"https:\/\/eliansfadenzauber.de\/wp-content\/uploads\/2025\/01\/IMG-20250106-WA0039.jpg","width":1499,"height":1500},{"@type":"BreadcrumbList","@id":"https:\/\/eliansfadenzauber.de\/?product=u-heft-huelle-triceratops-oder-personalisiert-mit-wunschmotiv-und-namen#breadcrumb","itemListElement":[{"@type":"ListItem","position":1,"name":"Startseite","item":"https:\/\/eliansfadenzauber.de\/"},{"@type":"ListItem","position":2,"name":"Produkte","item":"https:\/\/eliansfadenzauber.de\/?page_id=7"},{"@type":"ListItem","position":3,"name":"U-Heft H\u00fclle Triceratops oder personalisiert mit Wunschmotiv und Namen"}]},{"@type":"WebSite","@id":"https:\/\/eliansfadenzauber.de\/#website","url":"https:\/\/eliansfadenzauber.de\/","name":"Elians Fadenzauber","description":"Handgefertigte Unikate und personalisierte Produkte. Individuell gestaltete Toniebox-Taschen, Rucks&auml;cke, Kleidung &amp; mehr. Perfekt f&uuml;r Gro&szlig; und Klein!","publisher":{"@id":"https:\/\/eliansfadenzauber.de\/#organization"},"potentialAction":[{"@type":"SearchAction","target":{"@type":"EntryPoint","urlTemplate":"https:\/\/eliansfadenzauber.de\/?s={search_term_string}"},"query-input":{"@type":"PropertyValueSpecification","valueRequired":true,"valueName":"search_term_string"}}],"inLanguage":"de"},{"@type":"Organization","@id":"https:\/\/eliansfadenzauber.de\/#organization","name":"Elians Fadenzauber","url":"https:\/\/eliansfadenzauber.de\/","logo":{"@type":"ImageObject","inLanguage":"de","@id":"https:\/\/eliansfadenzauber.de\/#\/schema\/logo\/image\/","url":"https:\/\/eliansfadenzauber.de\/wp-content\/uploads\/2025\/01\/EliansfadenzauberLogo-1.png","contentUrl":"https:\/\/eliansfadenzauber.de\/wp-content\/uploads\/2025\/01\/EliansfadenzauberLogo-1.png","width":799,"height":780,"caption":"Elians Fadenzauber"},"image":{"@id":"https:\/\/eliansfadenzauber.de\/#\/schema\/logo\/image\/"},"sameAs":["https:\/\/www.facebook.com\/EliansFadenzauber","https:\/\/www.instagram.com\/eliansfadenzauber\/"]}]}},"_links":{"self":[{"href":"https:\/\/eliansfadenzauber.de\/index.php?rest_route=\/wp\/v2\/product\/322","targetHints":{"allow":["GET"]}}],"collection":[{"href":"https:\/\/eliansfadenzauber.de\/index.php?rest_route=\/wp\/v2\/product"}],"about":[{"href":"https:\/\/eliansfadenzauber.de\/index.php?rest_route=\/wp\/v2\/types\/product"}],"wp:featuredmedia":[{"embeddable":true,"href":"https:\/\/eliansfadenzauber.de\/index.php?rest_route=\/wp\/v2\/media\/325"}],"wp:attachment":[{"href":"https:\/\/eliansfadenzauber.de\/index.php?rest_route=%2Fwp%2Fv2%2Fmedia&parent=322"}],"wp:term":[{"taxonomy":"product_brand","embeddable":true,"href":"https:\/\/eliansfadenzauber.de\/index.php?rest_route=%2Fwp%2Fv2%2Fproduct_brand&post=322"},{"taxonomy":"product_cat","embeddable":true,"href":"https:\/\/eliansfadenzauber.de\/index.php?rest_route=%2Fwp%2Fv2%2Fproduct_cat&post=322"},{"taxonomy":"product_tag","embeddable":true,"href":"https:\/\/eliansfadenzauber.de\/index.php?rest_route=%2Fwp%2Fv2%2Fproduct_tag&post=322"}],"curies":[{"name":"wp","href":"https:\/\/api.w.org\/{rel}","templated":true}]}}