{"id":536,"date":"2025-10-14T09:29:08","date_gmt":"2025-10-14T09:29:08","guid":{"rendered":"https:\/\/eliansfadenzauber.de\/?post_type=product&#038;p=536"},"modified":"2025-11-29T14:37:31","modified_gmt":"2025-11-29T14:37:31","slug":"walkjacke-in-wunschfarbe-und-optik","status":"publish","type":"product","link":"https:\/\/eliansfadenzauber.de\/?product=walkjacke-in-wunschfarbe-und-optik","title":{"rendered":"Walkjacke in Wunschfarbe und Optik"},"content":{"rendered":"<p>Handgemachte Walkjacke \u2013 individuell &amp; einzigartig<\/p>\n<p>Ich n\u00e4he liebevoll gefertigte Walkjacken in Wunschfarbe f\u00fcr Kinder.<br \/>\nDie Jacken sind warm, bequem und perfekt f\u00fcr k\u00fchle Tage.<\/p>\n<p>\u2728 Besondere Optionen:<\/p>\n<p>Reh-Optik (mit Punkten &amp; \u00d6hrchen)<\/p>\n<p>Auch als B\u00e4r oder Fuchs m\u00f6glich<\/p>\n<p>Oder schlicht ohne Tieroptik, daf\u00fcr mit einer h\u00fcbschen Stickdatei auf dem R\u00fccken<\/p>\n<p>Jede Jacke ist ein Einzelst\u00fcck und wird nach deinen W\u00fcnschen angefertigt!<\/p>\n<table border=\"1\" cellspacing=\"0\" cellpadding=\"8\">\n<thead>\n<tr>\n<th>Gr\u00f6\u00dfe<\/th>\n<th>Preis (\u20ac)<\/th>\n<\/tr>\n<\/thead>\n<tbody>\n<tr>\n<td>56\/62<\/td>\n<td>65<\/td>\n<\/tr>\n<tr>\n<td>68\/74<\/td>\n<td>70<\/td>\n<\/tr>\n<tr>\n<td>80\/86<\/td>\n<td>74<\/td>\n<\/tr>\n<tr>\n<td>92\/98<\/td>\n<td>77<\/td>\n<\/tr>\n<tr>\n<td>104<\/td>\n<td>79<\/td>\n<\/tr>\n<tr>\n<td>110<\/td>\n<td>81<\/td>\n<\/tr>\n<tr>\n<td>116<\/td>\n<td>82<\/td>\n<\/tr>\n<tr>\n<td>122<\/td>\n<td>84<\/td>\n<\/tr>\n<tr>\n<td>128<\/td>\n<td>86<\/td>\n<\/tr>\n<tr>\n<td>134<\/td>\n<td>86<\/td>\n<\/tr>\n<\/tbody>\n<\/table>\n<p>Material:<br \/>\nAu\u00dfen: Reine Wolle (Walk)<br \/>\nInnen: Jersey 95% Baumwolle \/ 5% Elasthan<\/p>\n<p>Ich fertige meine Produkte in liebevoller Handarbeit. Bei Fragen und \u00c4nderungsw\u00fcnschen schreibe mir gerne eine Nachricht.<br \/>\nAlle gefertigten Produkte sind Unikate. Sind keine Lagerware die Fotos dienen nur zur Inspiration. Verkauf ohne Deko.<br \/>\nPersonalisierte Anfertigungen sind vom Umtausch ausgeschlossen.<\/p>\n","protected":false},"excerpt":{"rendered":"<p>Handgemachte Walkjacke \u2013 individuell &amp; einzigartig<\/p>\n<p>Ich n\u00e4he liebevoll gefertigte Walkjacken in Wunschfarbe f\u00fcr Kinder.<br \/>\nDie Jacken sind warm, bequem und perfekt f\u00fcr k\u00fchle Tage.<\/p>\n","protected":false},"featured_media":654,"template":"","meta":[],"product_brand":[],"product_cat":[21],"product_tag":[],"class_list":{"0":"post-536","1":"product","2":"type-product","3":"status-publish","4":"has-post-thumbnail","6":"product_cat-jacken","7":"product_shipping_class-shipping-jackets","9":"first","10":"instock","11":"shipping-taxable","12":"purchasable","13":"product-type-variable"},"yoast_head":"<!-- This site is optimized with the Yoast SEO plugin v27.4 - https:\/\/yoast.com\/product\/yoast-seo-wordpress\/ -->\n<title>Walkjacke in Wunschfarbe und Optik - Elians Fadenzauber<\/title>\n<meta name=\"robots\" content=\"index, follow, max-snippet:-1, max-image-preview:large, max-video-preview:-1\" \/>\n<link rel=\"canonical\" href=\"https:\/\/eliansfadenzauber.de\/?product=walkjacke-in-wunschfarbe-und-optik\" \/>\n<meta property=\"og:locale\" content=\"de_DE\" \/>\n<meta property=\"og:type\" content=\"article\" \/>\n<meta property=\"og:title\" content=\"Walkjacke in Wunschfarbe und Optik - Elians Fadenzauber\" \/>\n<meta property=\"og:description\" content=\"Handgemachte Walkjacke \u2013 individuell &amp; einzigartig  Ich n\u00e4he liebevoll gefertigte Walkjacken in Wunschfarbe f\u00fcr Kinder. Die Jacken sind warm, bequem und perfekt f\u00fcr k\u00fchle Tage.\" \/>\n<meta property=\"og:url\" content=\"https:\/\/eliansfadenzauber.de\/?product=walkjacke-in-wunschfarbe-und-optik\" \/>\n<meta property=\"og:site_name\" content=\"Elians Fadenzauber\" \/>\n<meta property=\"article:publisher\" content=\"https:\/\/www.facebook.com\/EliansFadenzauber\" \/>\n<meta property=\"article:modified_time\" content=\"2025-11-29T14:37:31+00:00\" \/>\n<meta property=\"og:image\" content=\"https:\/\/eliansfadenzauber.de\/wp-content\/uploads\/2025\/10\/img_010.jpg\" \/>\n\t<meta property=\"og:image:width\" content=\"960\" \/>\n\t<meta property=\"og:image:height\" content=\"960\" \/>\n\t<meta property=\"og:image:type\" content=\"image\/jpeg\" \/>\n<meta name=\"twitter:card\" content=\"summary_large_image\" \/>\n<meta name=\"twitter:label1\" content=\"Gesch\u00e4tzte Lesezeit\" \/>\n\t<meta name=\"twitter:data1\" content=\"1\u00a0Minute\" \/>\n<script type=\"application\/ld+json\" class=\"yoast-schema-graph\">{\"@context\":\"https:\\\/\\\/schema.org\",\"@graph\":[{\"@type\":\"WebPage\",\"@id\":\"https:\\\/\\\/eliansfadenzauber.de\\\/?product=walkjacke-in-wunschfarbe-und-optik\",\"url\":\"https:\\\/\\\/eliansfadenzauber.de\\\/?product=walkjacke-in-wunschfarbe-und-optik\",\"name\":\"Walkjacke in Wunschfarbe und Optik - Elians Fadenzauber\",\"isPartOf\":{\"@id\":\"https:\\\/\\\/eliansfadenzauber.de\\\/#website\"},\"primaryImageOfPage\":{\"@id\":\"https:\\\/\\\/eliansfadenzauber.de\\\/?product=walkjacke-in-wunschfarbe-und-optik#primaryimage\"},\"image\":{\"@id\":\"https:\\\/\\\/eliansfadenzauber.de\\\/?product=walkjacke-in-wunschfarbe-und-optik#primaryimage\"},\"thumbnailUrl\":\"https:\\\/\\\/eliansfadenzauber.de\\\/wp-content\\\/uploads\\\/2025\\\/10\\\/img_010.jpg\",\"datePublished\":\"2025-10-14T09:29:08+00:00\",\"dateModified\":\"2025-11-29T14:37:31+00:00\",\"breadcrumb\":{\"@id\":\"https:\\\/\\\/eliansfadenzauber.de\\\/?product=walkjacke-in-wunschfarbe-und-optik#breadcrumb\"},\"inLanguage\":\"de\",\"potentialAction\":[{\"@type\":\"ReadAction\",\"target\":[\"https:\\\/\\\/eliansfadenzauber.de\\\/?product=walkjacke-in-wunschfarbe-und-optik\"]}]},{\"@type\":\"ImageObject\",\"inLanguage\":\"de\",\"@id\":\"https:\\\/\\\/eliansfadenzauber.de\\\/?product=walkjacke-in-wunschfarbe-und-optik#primaryimage\",\"url\":\"https:\\\/\\\/eliansfadenzauber.de\\\/wp-content\\\/uploads\\\/2025\\\/10\\\/img_010.jpg\",\"contentUrl\":\"https:\\\/\\\/eliansfadenzauber.de\\\/wp-content\\\/uploads\\\/2025\\\/10\\\/img_010.jpg\",\"width\":960,\"height\":960},{\"@type\":\"BreadcrumbList\",\"@id\":\"https:\\\/\\\/eliansfadenzauber.de\\\/?product=walkjacke-in-wunschfarbe-und-optik#breadcrumb\",\"itemListElement\":[{\"@type\":\"ListItem\",\"position\":1,\"name\":\"Startseite\",\"item\":\"https:\\\/\\\/eliansfadenzauber.de\\\/\"},{\"@type\":\"ListItem\",\"position\":2,\"name\":\"Produkte\",\"item\":\"https:\\\/\\\/eliansfadenzauber.de\\\/?page_id=7\"},{\"@type\":\"ListItem\",\"position\":3,\"name\":\"Walkjacke in Wunschfarbe und Optik\"}]},{\"@type\":\"WebSite\",\"@id\":\"https:\\\/\\\/eliansfadenzauber.de\\\/#website\",\"url\":\"https:\\\/\\\/eliansfadenzauber.de\\\/\",\"name\":\"Elians Fadenzauber\",\"description\":\"Handgefertigte Unikate und personalisierte Produkte. Individuell gestaltete Toniebox-Taschen, Rucks&auml;cke, Kleidung &amp; mehr. Perfekt f&uuml;r Gro&szlig; und Klein!\",\"publisher\":{\"@id\":\"https:\\\/\\\/eliansfadenzauber.de\\\/#organization\"},\"potentialAction\":[{\"@type\":\"SearchAction\",\"target\":{\"@type\":\"EntryPoint\",\"urlTemplate\":\"https:\\\/\\\/eliansfadenzauber.de\\\/?s={search_term_string}\"},\"query-input\":{\"@type\":\"PropertyValueSpecification\",\"valueRequired\":true,\"valueName\":\"search_term_string\"}}],\"inLanguage\":\"de\"},{\"@type\":\"Organization\",\"@id\":\"https:\\\/\\\/eliansfadenzauber.de\\\/#organization\",\"name\":\"Elians Fadenzauber\",\"url\":\"https:\\\/\\\/eliansfadenzauber.de\\\/\",\"logo\":{\"@type\":\"ImageObject\",\"inLanguage\":\"de\",\"@id\":\"https:\\\/\\\/eliansfadenzauber.de\\\/#\\\/schema\\\/logo\\\/image\\\/\",\"url\":\"https:\\\/\\\/eliansfadenzauber.de\\\/wp-content\\\/uploads\\\/2025\\\/01\\\/EliansfadenzauberLogo-1.png\",\"contentUrl\":\"https:\\\/\\\/eliansfadenzauber.de\\\/wp-content\\\/uploads\\\/2025\\\/01\\\/EliansfadenzauberLogo-1.png\",\"width\":799,\"height\":780,\"caption\":\"Elians Fadenzauber\"},\"image\":{\"@id\":\"https:\\\/\\\/eliansfadenzauber.de\\\/#\\\/schema\\\/logo\\\/image\\\/\"},\"sameAs\":[\"https:\\\/\\\/www.facebook.com\\\/EliansFadenzauber\",\"https:\\\/\\\/www.instagram.com\\\/eliansfadenzauber\\\/\"]}]}<\/script>\n<!-- \/ Yoast SEO plugin. -->","yoast_head_json":{"title":"Walkjacke in Wunschfarbe und Optik - Elians Fadenzauber","robots":{"index":"index","follow":"follow","max-snippet":"max-snippet:-1","max-image-preview":"max-image-preview:large","max-video-preview":"max-video-preview:-1"},"canonical":"https:\/\/eliansfadenzauber.de\/?product=walkjacke-in-wunschfarbe-und-optik","og_locale":"de_DE","og_type":"article","og_title":"Walkjacke in Wunschfarbe und Optik - Elians Fadenzauber","og_description":"Handgemachte Walkjacke \u2013 individuell &amp; einzigartig  Ich n\u00e4he liebevoll gefertigte Walkjacken in Wunschfarbe f\u00fcr Kinder. Die Jacken sind warm, bequem und perfekt f\u00fcr k\u00fchle Tage.","og_url":"https:\/\/eliansfadenzauber.de\/?product=walkjacke-in-wunschfarbe-und-optik","og_site_name":"Elians Fadenzauber","article_publisher":"https:\/\/www.facebook.com\/EliansFadenzauber","article_modified_time":"2025-11-29T14:37:31+00:00","og_image":[{"width":960,"height":960,"url":"https:\/\/eliansfadenzauber.de\/wp-content\/uploads\/2025\/10\/img_010.jpg","type":"image\/jpeg"}],"twitter_card":"summary_large_image","twitter_misc":{"Gesch\u00e4tzte Lesezeit":"1\u00a0Minute"},"schema":{"@context":"https:\/\/schema.org","@graph":[{"@type":"WebPage","@id":"https:\/\/eliansfadenzauber.de\/?product=walkjacke-in-wunschfarbe-und-optik","url":"https:\/\/eliansfadenzauber.de\/?product=walkjacke-in-wunschfarbe-und-optik","name":"Walkjacke in Wunschfarbe und Optik - Elians Fadenzauber","isPartOf":{"@id":"https:\/\/eliansfadenzauber.de\/#website"},"primaryImageOfPage":{"@id":"https:\/\/eliansfadenzauber.de\/?product=walkjacke-in-wunschfarbe-und-optik#primaryimage"},"image":{"@id":"https:\/\/eliansfadenzauber.de\/?product=walkjacke-in-wunschfarbe-und-optik#primaryimage"},"thumbnailUrl":"https:\/\/eliansfadenzauber.de\/wp-content\/uploads\/2025\/10\/img_010.jpg","datePublished":"2025-10-14T09:29:08+00:00","dateModified":"2025-11-29T14:37:31+00:00","breadcrumb":{"@id":"https:\/\/eliansfadenzauber.de\/?product=walkjacke-in-wunschfarbe-und-optik#breadcrumb"},"inLanguage":"de","potentialAction":[{"@type":"ReadAction","target":["https:\/\/eliansfadenzauber.de\/?product=walkjacke-in-wunschfarbe-und-optik"]}]},{"@type":"ImageObject","inLanguage":"de","@id":"https:\/\/eliansfadenzauber.de\/?product=walkjacke-in-wunschfarbe-und-optik#primaryimage","url":"https:\/\/eliansfadenzauber.de\/wp-content\/uploads\/2025\/10\/img_010.jpg","contentUrl":"https:\/\/eliansfadenzauber.de\/wp-content\/uploads\/2025\/10\/img_010.jpg","width":960,"height":960},{"@type":"BreadcrumbList","@id":"https:\/\/eliansfadenzauber.de\/?product=walkjacke-in-wunschfarbe-und-optik#breadcrumb","itemListElement":[{"@type":"ListItem","position":1,"name":"Startseite","item":"https:\/\/eliansfadenzauber.de\/"},{"@type":"ListItem","position":2,"name":"Produkte","item":"https:\/\/eliansfadenzauber.de\/?page_id=7"},{"@type":"ListItem","position":3,"name":"Walkjacke in Wunschfarbe und Optik"}]},{"@type":"WebSite","@id":"https:\/\/eliansfadenzauber.de\/#website","url":"https:\/\/eliansfadenzauber.de\/","name":"Elians Fadenzauber","description":"Handgefertigte Unikate und personalisierte Produkte. Individuell gestaltete Toniebox-Taschen, Rucks&auml;cke, Kleidung &amp; mehr. Perfekt f&uuml;r Gro&szlig; und Klein!","publisher":{"@id":"https:\/\/eliansfadenzauber.de\/#organization"},"potentialAction":[{"@type":"SearchAction","target":{"@type":"EntryPoint","urlTemplate":"https:\/\/eliansfadenzauber.de\/?s={search_term_string}"},"query-input":{"@type":"PropertyValueSpecification","valueRequired":true,"valueName":"search_term_string"}}],"inLanguage":"de"},{"@type":"Organization","@id":"https:\/\/eliansfadenzauber.de\/#organization","name":"Elians Fadenzauber","url":"https:\/\/eliansfadenzauber.de\/","logo":{"@type":"ImageObject","inLanguage":"de","@id":"https:\/\/eliansfadenzauber.de\/#\/schema\/logo\/image\/","url":"https:\/\/eliansfadenzauber.de\/wp-content\/uploads\/2025\/01\/EliansfadenzauberLogo-1.png","contentUrl":"https:\/\/eliansfadenzauber.de\/wp-content\/uploads\/2025\/01\/EliansfadenzauberLogo-1.png","width":799,"height":780,"caption":"Elians Fadenzauber"},"image":{"@id":"https:\/\/eliansfadenzauber.de\/#\/schema\/logo\/image\/"},"sameAs":["https:\/\/www.facebook.com\/EliansFadenzauber","https:\/\/www.instagram.com\/eliansfadenzauber\/"]}]}},"_links":{"self":[{"href":"https:\/\/eliansfadenzauber.de\/index.php?rest_route=\/wp\/v2\/product\/536","targetHints":{"allow":["GET"]}}],"collection":[{"href":"https:\/\/eliansfadenzauber.de\/index.php?rest_route=\/wp\/v2\/product"}],"about":[{"href":"https:\/\/eliansfadenzauber.de\/index.php?rest_route=\/wp\/v2\/types\/product"}],"wp:featuredmedia":[{"embeddable":true,"href":"https:\/\/eliansfadenzauber.de\/index.php?rest_route=\/wp\/v2\/media\/654"}],"wp:attachment":[{"href":"https:\/\/eliansfadenzauber.de\/index.php?rest_route=%2Fwp%2Fv2%2Fmedia&parent=536"}],"wp:term":[{"taxonomy":"product_brand","embeddable":true,"href":"https:\/\/eliansfadenzauber.de\/index.php?rest_route=%2Fwp%2Fv2%2Fproduct_brand&post=536"},{"taxonomy":"product_cat","embeddable":true,"href":"https:\/\/eliansfadenzauber.de\/index.php?rest_route=%2Fwp%2Fv2%2Fproduct_cat&post=536"},{"taxonomy":"product_tag","embeddable":true,"href":"https:\/\/eliansfadenzauber.de\/index.php?rest_route=%2Fwp%2Fv2%2Fproduct_tag&post=536"}],"curies":[{"name":"wp","href":"https:\/\/api.w.org\/{rel}","templated":true}]}}