{"id":555,"date":"2025-10-14T10:02:07","date_gmt":"2025-10-14T10:02:07","guid":{"rendered":"https:\/\/eliansfadenzauber.de\/?post_type=product&#038;p=555"},"modified":"2025-11-12T09:16:03","modified_gmt":"2025-11-12T09:16:03","slug":"flexibles-stirnband-mit-draht-handgemacht-in-wunschfarbe","status":"publish","type":"product","link":"https:\/\/eliansfadenzauber.de\/?product=flexibles-stirnband-mit-draht-handgemacht-in-wunschfarbe","title":{"rendered":"Flexibles Stirnband mit Draht \u2013 Handgemacht in Wunschfarbe"},"content":{"rendered":"<p>Flexibles Stirnband mit Draht \u2013 Handgemacht in Wunschfarbe<\/p>\n<p>Du suchst ein sch\u00f6nes, individuelles Stirnband, das perfekt sitzt und nicht verrutscht?<br \/>\nDieses handgefertigte Stirnband ist durch den eingen\u00e4hten Draht flexibel formbar und f\u00fcr jeden Kopfumfang geeignet. Ob als modisches Accessoire, zum Sport oder einfach f\u00fcr den Alltag \u2013 es passt sich deinem Stil an und bleibt zuverl\u00e4ssig an Ort und Stelle.<\/p>\n<p>\u2728 Du kannst deine Wunschfarbe w\u00e4hlen \u2013 sprich mich einfach an!<br \/>\nDas abgebildete Modell zeigt ein zartes Bl\u00fcmchendesign auf wei\u00dfem Stoff (Beispiel).<\/p>\n","protected":false},"excerpt":{"rendered":"<p>Flexibles Stirnband mit Draht \u2013 Handgemacht in Wunschfarbe<\/p>\n","protected":false},"featured_media":556,"template":"","meta":[],"product_brand":[],"product_cat":[30],"product_tag":[],"class_list":{"0":"post-555","1":"product","2":"type-product","3":"status-publish","4":"has-post-thumbnail","6":"product_cat-stirnbaender-und-halstuecher","7":"product_shipping_class-shipping-small","9":"first","10":"instock","11":"shipping-taxable","12":"purchasable","13":"product-type-simple"},"yoast_head":"<!-- This site is optimized with the Yoast SEO plugin v27.4 - https:\/\/yoast.com\/product\/yoast-seo-wordpress\/ -->\n<title>Flexibles Stirnband mit Draht \u2013 Handgemacht in Wunschfarbe - Elians Fadenzauber<\/title>\n<meta name=\"robots\" content=\"index, follow, max-snippet:-1, max-image-preview:large, max-video-preview:-1\" \/>\n<link rel=\"canonical\" href=\"https:\/\/eliansfadenzauber.de\/?product=flexibles-stirnband-mit-draht-handgemacht-in-wunschfarbe\" \/>\n<meta property=\"og:locale\" content=\"de_DE\" \/>\n<meta property=\"og:type\" content=\"article\" \/>\n<meta property=\"og:title\" content=\"Flexibles Stirnband mit Draht \u2013 Handgemacht in Wunschfarbe - Elians Fadenzauber\" \/>\n<meta property=\"og:description\" content=\"Flexibles Stirnband mit Draht \u2013 Handgemacht in Wunschfarbe\" \/>\n<meta property=\"og:url\" content=\"https:\/\/eliansfadenzauber.de\/?product=flexibles-stirnband-mit-draht-handgemacht-in-wunschfarbe\" \/>\n<meta property=\"og:site_name\" content=\"Elians Fadenzauber\" \/>\n<meta property=\"article:publisher\" content=\"https:\/\/www.facebook.com\/EliansFadenzauber\" \/>\n<meta property=\"article:modified_time\" content=\"2025-11-12T09:16:03+00:00\" \/>\n<meta property=\"og:image\" content=\"https:\/\/eliansfadenzauber.de\/wp-content\/uploads\/2025\/10\/Screenshot-2025-10-14-120511-1021x1024.png\" \/>\n\t<meta property=\"og:image:width\" content=\"1021\" \/>\n\t<meta property=\"og:image:height\" content=\"1024\" \/>\n\t<meta property=\"og:image:type\" content=\"image\/png\" \/>\n<meta name=\"twitter:card\" content=\"summary_large_image\" \/>\n<meta name=\"twitter:label1\" content=\"Gesch\u00e4tzte Lesezeit\" \/>\n\t<meta name=\"twitter:data1\" content=\"1\u00a0Minute\" \/>\n<script type=\"application\/ld+json\" class=\"yoast-schema-graph\">{\"@context\":\"https:\\\/\\\/schema.org\",\"@graph\":[{\"@type\":\"WebPage\",\"@id\":\"https:\\\/\\\/eliansfadenzauber.de\\\/?product=flexibles-stirnband-mit-draht-handgemacht-in-wunschfarbe\",\"url\":\"https:\\\/\\\/eliansfadenzauber.de\\\/?product=flexibles-stirnband-mit-draht-handgemacht-in-wunschfarbe\",\"name\":\"Flexibles Stirnband mit Draht \u2013 Handgemacht in Wunschfarbe - Elians Fadenzauber\",\"isPartOf\":{\"@id\":\"https:\\\/\\\/eliansfadenzauber.de\\\/#website\"},\"primaryImageOfPage\":{\"@id\":\"https:\\\/\\\/eliansfadenzauber.de\\\/?product=flexibles-stirnband-mit-draht-handgemacht-in-wunschfarbe#primaryimage\"},\"image\":{\"@id\":\"https:\\\/\\\/eliansfadenzauber.de\\\/?product=flexibles-stirnband-mit-draht-handgemacht-in-wunschfarbe#primaryimage\"},\"thumbnailUrl\":\"https:\\\/\\\/eliansfadenzauber.de\\\/wp-content\\\/uploads\\\/2025\\\/10\\\/Screenshot-2025-10-14-120511.png\",\"datePublished\":\"2025-10-14T10:02:07+00:00\",\"dateModified\":\"2025-11-12T09:16:03+00:00\",\"breadcrumb\":{\"@id\":\"https:\\\/\\\/eliansfadenzauber.de\\\/?product=flexibles-stirnband-mit-draht-handgemacht-in-wunschfarbe#breadcrumb\"},\"inLanguage\":\"de\",\"potentialAction\":[{\"@type\":\"ReadAction\",\"target\":[\"https:\\\/\\\/eliansfadenzauber.de\\\/?product=flexibles-stirnband-mit-draht-handgemacht-in-wunschfarbe\"]}]},{\"@type\":\"ImageObject\",\"inLanguage\":\"de\",\"@id\":\"https:\\\/\\\/eliansfadenzauber.de\\\/?product=flexibles-stirnband-mit-draht-handgemacht-in-wunschfarbe#primaryimage\",\"url\":\"https:\\\/\\\/eliansfadenzauber.de\\\/wp-content\\\/uploads\\\/2025\\\/10\\\/Screenshot-2025-10-14-120511.png\",\"contentUrl\":\"https:\\\/\\\/eliansfadenzauber.de\\\/wp-content\\\/uploads\\\/2025\\\/10\\\/Screenshot-2025-10-14-120511.png\",\"width\":1097,\"height\":1100},{\"@type\":\"BreadcrumbList\",\"@id\":\"https:\\\/\\\/eliansfadenzauber.de\\\/?product=flexibles-stirnband-mit-draht-handgemacht-in-wunschfarbe#breadcrumb\",\"itemListElement\":[{\"@type\":\"ListItem\",\"position\":1,\"name\":\"Startseite\",\"item\":\"https:\\\/\\\/eliansfadenzauber.de\\\/\"},{\"@type\":\"ListItem\",\"position\":2,\"name\":\"Produkte\",\"item\":\"https:\\\/\\\/eliansfadenzauber.de\\\/?page_id=7\"},{\"@type\":\"ListItem\",\"position\":3,\"name\":\"Flexibles Stirnband mit Draht \u2013 Handgemacht in Wunschfarbe\"}]},{\"@type\":\"WebSite\",\"@id\":\"https:\\\/\\\/eliansfadenzauber.de\\\/#website\",\"url\":\"https:\\\/\\\/eliansfadenzauber.de\\\/\",\"name\":\"Elians Fadenzauber\",\"description\":\"Handgefertigte Unikate und personalisierte Produkte. Individuell gestaltete Toniebox-Taschen, Rucks&auml;cke, Kleidung &amp; mehr. Perfekt f&uuml;r Gro&szlig; und Klein!\",\"publisher\":{\"@id\":\"https:\\\/\\\/eliansfadenzauber.de\\\/#organization\"},\"potentialAction\":[{\"@type\":\"SearchAction\",\"target\":{\"@type\":\"EntryPoint\",\"urlTemplate\":\"https:\\\/\\\/eliansfadenzauber.de\\\/?s={search_term_string}\"},\"query-input\":{\"@type\":\"PropertyValueSpecification\",\"valueRequired\":true,\"valueName\":\"search_term_string\"}}],\"inLanguage\":\"de\"},{\"@type\":\"Organization\",\"@id\":\"https:\\\/\\\/eliansfadenzauber.de\\\/#organization\",\"name\":\"Elians Fadenzauber\",\"url\":\"https:\\\/\\\/eliansfadenzauber.de\\\/\",\"logo\":{\"@type\":\"ImageObject\",\"inLanguage\":\"de\",\"@id\":\"https:\\\/\\\/eliansfadenzauber.de\\\/#\\\/schema\\\/logo\\\/image\\\/\",\"url\":\"https:\\\/\\\/eliansfadenzauber.de\\\/wp-content\\\/uploads\\\/2025\\\/01\\\/EliansfadenzauberLogo-1.png\",\"contentUrl\":\"https:\\\/\\\/eliansfadenzauber.de\\\/wp-content\\\/uploads\\\/2025\\\/01\\\/EliansfadenzauberLogo-1.png\",\"width\":799,\"height\":780,\"caption\":\"Elians Fadenzauber\"},\"image\":{\"@id\":\"https:\\\/\\\/eliansfadenzauber.de\\\/#\\\/schema\\\/logo\\\/image\\\/\"},\"sameAs\":[\"https:\\\/\\\/www.facebook.com\\\/EliansFadenzauber\",\"https:\\\/\\\/www.instagram.com\\\/eliansfadenzauber\\\/\"]}]}<\/script>\n<!-- \/ Yoast SEO plugin. -->","yoast_head_json":{"title":"Flexibles Stirnband mit Draht \u2013 Handgemacht in Wunschfarbe - Elians Fadenzauber","robots":{"index":"index","follow":"follow","max-snippet":"max-snippet:-1","max-image-preview":"max-image-preview:large","max-video-preview":"max-video-preview:-1"},"canonical":"https:\/\/eliansfadenzauber.de\/?product=flexibles-stirnband-mit-draht-handgemacht-in-wunschfarbe","og_locale":"de_DE","og_type":"article","og_title":"Flexibles Stirnband mit Draht \u2013 Handgemacht in Wunschfarbe - Elians Fadenzauber","og_description":"Flexibles Stirnband mit Draht \u2013 Handgemacht in Wunschfarbe","og_url":"https:\/\/eliansfadenzauber.de\/?product=flexibles-stirnband-mit-draht-handgemacht-in-wunschfarbe","og_site_name":"Elians Fadenzauber","article_publisher":"https:\/\/www.facebook.com\/EliansFadenzauber","article_modified_time":"2025-11-12T09:16:03+00:00","og_image":[{"width":1021,"height":1024,"url":"https:\/\/eliansfadenzauber.de\/wp-content\/uploads\/2025\/10\/Screenshot-2025-10-14-120511-1021x1024.png","type":"image\/png"}],"twitter_card":"summary_large_image","twitter_misc":{"Gesch\u00e4tzte Lesezeit":"1\u00a0Minute"},"schema":{"@context":"https:\/\/schema.org","@graph":[{"@type":"WebPage","@id":"https:\/\/eliansfadenzauber.de\/?product=flexibles-stirnband-mit-draht-handgemacht-in-wunschfarbe","url":"https:\/\/eliansfadenzauber.de\/?product=flexibles-stirnband-mit-draht-handgemacht-in-wunschfarbe","name":"Flexibles Stirnband mit Draht \u2013 Handgemacht in Wunschfarbe - Elians Fadenzauber","isPartOf":{"@id":"https:\/\/eliansfadenzauber.de\/#website"},"primaryImageOfPage":{"@id":"https:\/\/eliansfadenzauber.de\/?product=flexibles-stirnband-mit-draht-handgemacht-in-wunschfarbe#primaryimage"},"image":{"@id":"https:\/\/eliansfadenzauber.de\/?product=flexibles-stirnband-mit-draht-handgemacht-in-wunschfarbe#primaryimage"},"thumbnailUrl":"https:\/\/eliansfadenzauber.de\/wp-content\/uploads\/2025\/10\/Screenshot-2025-10-14-120511.png","datePublished":"2025-10-14T10:02:07+00:00","dateModified":"2025-11-12T09:16:03+00:00","breadcrumb":{"@id":"https:\/\/eliansfadenzauber.de\/?product=flexibles-stirnband-mit-draht-handgemacht-in-wunschfarbe#breadcrumb"},"inLanguage":"de","potentialAction":[{"@type":"ReadAction","target":["https:\/\/eliansfadenzauber.de\/?product=flexibles-stirnband-mit-draht-handgemacht-in-wunschfarbe"]}]},{"@type":"ImageObject","inLanguage":"de","@id":"https:\/\/eliansfadenzauber.de\/?product=flexibles-stirnband-mit-draht-handgemacht-in-wunschfarbe#primaryimage","url":"https:\/\/eliansfadenzauber.de\/wp-content\/uploads\/2025\/10\/Screenshot-2025-10-14-120511.png","contentUrl":"https:\/\/eliansfadenzauber.de\/wp-content\/uploads\/2025\/10\/Screenshot-2025-10-14-120511.png","width":1097,"height":1100},{"@type":"BreadcrumbList","@id":"https:\/\/eliansfadenzauber.de\/?product=flexibles-stirnband-mit-draht-handgemacht-in-wunschfarbe#breadcrumb","itemListElement":[{"@type":"ListItem","position":1,"name":"Startseite","item":"https:\/\/eliansfadenzauber.de\/"},{"@type":"ListItem","position":2,"name":"Produkte","item":"https:\/\/eliansfadenzauber.de\/?page_id=7"},{"@type":"ListItem","position":3,"name":"Flexibles Stirnband mit Draht \u2013 Handgemacht in Wunschfarbe"}]},{"@type":"WebSite","@id":"https:\/\/eliansfadenzauber.de\/#website","url":"https:\/\/eliansfadenzauber.de\/","name":"Elians Fadenzauber","description":"Handgefertigte Unikate und personalisierte Produkte. Individuell gestaltete Toniebox-Taschen, Rucks&auml;cke, Kleidung &amp; mehr. Perfekt f&uuml;r Gro&szlig; und Klein!","publisher":{"@id":"https:\/\/eliansfadenzauber.de\/#organization"},"potentialAction":[{"@type":"SearchAction","target":{"@type":"EntryPoint","urlTemplate":"https:\/\/eliansfadenzauber.de\/?s={search_term_string}"},"query-input":{"@type":"PropertyValueSpecification","valueRequired":true,"valueName":"search_term_string"}}],"inLanguage":"de"},{"@type":"Organization","@id":"https:\/\/eliansfadenzauber.de\/#organization","name":"Elians Fadenzauber","url":"https:\/\/eliansfadenzauber.de\/","logo":{"@type":"ImageObject","inLanguage":"de","@id":"https:\/\/eliansfadenzauber.de\/#\/schema\/logo\/image\/","url":"https:\/\/eliansfadenzauber.de\/wp-content\/uploads\/2025\/01\/EliansfadenzauberLogo-1.png","contentUrl":"https:\/\/eliansfadenzauber.de\/wp-content\/uploads\/2025\/01\/EliansfadenzauberLogo-1.png","width":799,"height":780,"caption":"Elians Fadenzauber"},"image":{"@id":"https:\/\/eliansfadenzauber.de\/#\/schema\/logo\/image\/"},"sameAs":["https:\/\/www.facebook.com\/EliansFadenzauber","https:\/\/www.instagram.com\/eliansfadenzauber\/"]}]}},"_links":{"self":[{"href":"https:\/\/eliansfadenzauber.de\/index.php?rest_route=\/wp\/v2\/product\/555","targetHints":{"allow":["GET"]}}],"collection":[{"href":"https:\/\/eliansfadenzauber.de\/index.php?rest_route=\/wp\/v2\/product"}],"about":[{"href":"https:\/\/eliansfadenzauber.de\/index.php?rest_route=\/wp\/v2\/types\/product"}],"wp:featuredmedia":[{"embeddable":true,"href":"https:\/\/eliansfadenzauber.de\/index.php?rest_route=\/wp\/v2\/media\/556"}],"wp:attachment":[{"href":"https:\/\/eliansfadenzauber.de\/index.php?rest_route=%2Fwp%2Fv2%2Fmedia&parent=555"}],"wp:term":[{"taxonomy":"product_brand","embeddable":true,"href":"https:\/\/eliansfadenzauber.de\/index.php?rest_route=%2Fwp%2Fv2%2Fproduct_brand&post=555"},{"taxonomy":"product_cat","embeddable":true,"href":"https:\/\/eliansfadenzauber.de\/index.php?rest_route=%2Fwp%2Fv2%2Fproduct_cat&post=555"},{"taxonomy":"product_tag","embeddable":true,"href":"https:\/\/eliansfadenzauber.de\/index.php?rest_route=%2Fwp%2Fv2%2Fproduct_tag&post=555"}],"curies":[{"name":"wp","href":"https:\/\/api.w.org\/{rel}","templated":true}]}}