{"id":583,"date":"2025-10-28T15:32:16","date_gmt":"2025-10-28T15:32:16","guid":{"rendered":"https:\/\/eliansfadenzauber.de\/?post_type=product&#038;p=583"},"modified":"2025-11-12T09:48:33","modified_gmt":"2025-11-12T09:48:33","slug":"kinder-turnbeutel-cord","status":"publish","type":"product","link":"https:\/\/eliansfadenzauber.de\/?product=kinder-turnbeutel-cord","title":{"rendered":"Kinder Turnbeutel Cord"},"content":{"rendered":"<p>Ein echtes Lieblingsst\u00fcck f\u00fcr kleine Dino-Fans!<br \/>\nUnser mit viel Liebe gen\u00e4hter Turnbeutel in Dinooptik ist nicht nur total s\u00fc\u00df, sondern auch praktisch, langlebig und perfekt f\u00fcr Kindergarten, Sport oder kleine Ausfl\u00fcge.<\/p>\n<p>\u2728 Details:<\/p>\n<p>Au\u00dfenstoff aus weichem, hochwertigem Cord<\/p>\n<p>Innen voll gef\u00fcttert f\u00fcr extra Stabilit\u00e4t<\/p>\n<p>In 3 Gr\u00f6\u00dfen erh\u00e4ltlich \u2013 passend f\u00fcr jedes Alter<\/p>\n<p>Auf Wunsch mit Namen bestickt (ideal als Geschenk!)<\/p>\n<p>Nach eigenem Schnittmuster handgefertigt \u2013 jedes St\u00fcck ein Unikat<\/p>\n<p>Vorteile:<\/p>\n<p>Super leicht &amp; angenehm zu tragen<\/p>\n<p>Waschbar und pflegeleicht<\/p>\n<p>Perfekt f\u00fcr Kita, Schule, Freizeit oder Geburtstag<\/p>\n<p>Handmade mit Liebe in Deutschland<\/p>\n<p>&nbsp;<\/p>\n<p>Preise:<\/p>\n<p>Gr\u00f6\u00dfe S: 20 \u20ac<\/p>\n<p>Gr\u00f6\u00dfe M: 22 \u20ac<\/p>\n<p>Gr\u00f6\u00dfe L: 24 \u20ac<\/p>\n<p>Namensstickerei optional: +2,00 \u20ac<\/p>\n","protected":false},"excerpt":{"rendered":"<div id=\"viewad-description\" class=\"splitlinebox l-container-row\">\n<div class=\"l-container last-paragraph-no-margin-bottom\">\n<p id=\"viewad-description-text\" class=\"text-force-linebreak \">Ein liebevoll gen\u00e4hter Dino-Beutel, der Kinderherzen h\u00f6her schlagen l\u00e4sst \u2013 weich, praktisch &amp; einfach dinostark!<\/p>\n<\/div>\n<\/div>\n<div id=\"viewad-imprint-section\" class=\"splitlinebox l-container-row\"><\/div>\n","protected":false},"featured_media":584,"template":"","meta":[],"product_brand":[],"product_cat":[19],"product_tag":[],"class_list":{"0":"post-583","1":"product","2":"type-product","3":"status-publish","4":"has-post-thumbnail","6":"product_cat-rucksaecke-und-taschen","7":"product_shipping_class-shipping-big","9":"first","10":"instock","11":"shipping-taxable","12":"purchasable","13":"product-type-variable"},"yoast_head":"<!-- This site is optimized with the Yoast SEO plugin v27.4 - https:\/\/yoast.com\/product\/yoast-seo-wordpress\/ -->\n<title>Kinder Turnbeutel Cord - Elians Fadenzauber<\/title>\n<meta name=\"robots\" content=\"index, follow, max-snippet:-1, max-image-preview:large, max-video-preview:-1\" \/>\n<link rel=\"canonical\" href=\"https:\/\/eliansfadenzauber.de\/?product=kinder-turnbeutel-cord\" \/>\n<meta property=\"og:locale\" content=\"de_DE\" \/>\n<meta property=\"og:type\" content=\"article\" \/>\n<meta property=\"og:title\" content=\"Kinder Turnbeutel Cord - Elians Fadenzauber\" \/>\n<meta property=\"og:description\" content=\"Ein liebevoll gen\u00e4hter Dino-Beutel, der Kinderherzen h\u00f6her schlagen l\u00e4sst \u2013 weich, praktisch &amp; einfach dinostark!\" \/>\n<meta property=\"og:url\" content=\"https:\/\/eliansfadenzauber.de\/?product=kinder-turnbeutel-cord\" \/>\n<meta property=\"og:site_name\" content=\"Elians Fadenzauber\" \/>\n<meta property=\"article:publisher\" content=\"https:\/\/www.facebook.com\/EliansFadenzauber\" \/>\n<meta property=\"article:modified_time\" content=\"2025-11-12T09:48:33+00:00\" \/>\n<meta property=\"og:image\" content=\"https:\/\/eliansfadenzauber.de\/wp-content\/uploads\/2025\/10\/Screenshot-2025-10-28-163349.png\" \/>\n\t<meta property=\"og:image:width\" content=\"1096\" \/>\n\t<meta property=\"og:image:height\" content=\"1093\" \/>\n\t<meta property=\"og:image:type\" content=\"image\/png\" \/>\n<meta name=\"twitter:card\" content=\"summary_large_image\" \/>\n<meta name=\"twitter:label1\" content=\"Gesch\u00e4tzte Lesezeit\" \/>\n\t<meta name=\"twitter:data1\" content=\"1\u00a0Minute\" \/>\n<script type=\"application\/ld+json\" class=\"yoast-schema-graph\">{\"@context\":\"https:\\\/\\\/schema.org\",\"@graph\":[{\"@type\":\"WebPage\",\"@id\":\"https:\\\/\\\/eliansfadenzauber.de\\\/?product=kinder-turnbeutel-cord\",\"url\":\"https:\\\/\\\/eliansfadenzauber.de\\\/?product=kinder-turnbeutel-cord\",\"name\":\"Kinder Turnbeutel Cord - Elians Fadenzauber\",\"isPartOf\":{\"@id\":\"https:\\\/\\\/eliansfadenzauber.de\\\/#website\"},\"primaryImageOfPage\":{\"@id\":\"https:\\\/\\\/eliansfadenzauber.de\\\/?product=kinder-turnbeutel-cord#primaryimage\"},\"image\":{\"@id\":\"https:\\\/\\\/eliansfadenzauber.de\\\/?product=kinder-turnbeutel-cord#primaryimage\"},\"thumbnailUrl\":\"https:\\\/\\\/eliansfadenzauber.de\\\/wp-content\\\/uploads\\\/2025\\\/10\\\/Screenshot-2025-10-28-163349.png\",\"datePublished\":\"2025-10-28T15:32:16+00:00\",\"dateModified\":\"2025-11-12T09:48:33+00:00\",\"breadcrumb\":{\"@id\":\"https:\\\/\\\/eliansfadenzauber.de\\\/?product=kinder-turnbeutel-cord#breadcrumb\"},\"inLanguage\":\"de\",\"potentialAction\":[{\"@type\":\"ReadAction\",\"target\":[\"https:\\\/\\\/eliansfadenzauber.de\\\/?product=kinder-turnbeutel-cord\"]}]},{\"@type\":\"ImageObject\",\"inLanguage\":\"de\",\"@id\":\"https:\\\/\\\/eliansfadenzauber.de\\\/?product=kinder-turnbeutel-cord#primaryimage\",\"url\":\"https:\\\/\\\/eliansfadenzauber.de\\\/wp-content\\\/uploads\\\/2025\\\/10\\\/Screenshot-2025-10-28-163349.png\",\"contentUrl\":\"https:\\\/\\\/eliansfadenzauber.de\\\/wp-content\\\/uploads\\\/2025\\\/10\\\/Screenshot-2025-10-28-163349.png\",\"width\":1096,\"height\":1093},{\"@type\":\"BreadcrumbList\",\"@id\":\"https:\\\/\\\/eliansfadenzauber.de\\\/?product=kinder-turnbeutel-cord#breadcrumb\",\"itemListElement\":[{\"@type\":\"ListItem\",\"position\":1,\"name\":\"Startseite\",\"item\":\"https:\\\/\\\/eliansfadenzauber.de\\\/\"},{\"@type\":\"ListItem\",\"position\":2,\"name\":\"Produkte\",\"item\":\"https:\\\/\\\/eliansfadenzauber.de\\\/?page_id=7\"},{\"@type\":\"ListItem\",\"position\":3,\"name\":\"Kinder Turnbeutel Cord\"}]},{\"@type\":\"WebSite\",\"@id\":\"https:\\\/\\\/eliansfadenzauber.de\\\/#website\",\"url\":\"https:\\\/\\\/eliansfadenzauber.de\\\/\",\"name\":\"Elians Fadenzauber\",\"description\":\"Handgefertigte Unikate und personalisierte Produkte. Individuell gestaltete Toniebox-Taschen, Rucks&auml;cke, Kleidung &amp; mehr. Perfekt f&uuml;r Gro&szlig; und Klein!\",\"publisher\":{\"@id\":\"https:\\\/\\\/eliansfadenzauber.de\\\/#organization\"},\"potentialAction\":[{\"@type\":\"SearchAction\",\"target\":{\"@type\":\"EntryPoint\",\"urlTemplate\":\"https:\\\/\\\/eliansfadenzauber.de\\\/?s={search_term_string}\"},\"query-input\":{\"@type\":\"PropertyValueSpecification\",\"valueRequired\":true,\"valueName\":\"search_term_string\"}}],\"inLanguage\":\"de\"},{\"@type\":\"Organization\",\"@id\":\"https:\\\/\\\/eliansfadenzauber.de\\\/#organization\",\"name\":\"Elians Fadenzauber\",\"url\":\"https:\\\/\\\/eliansfadenzauber.de\\\/\",\"logo\":{\"@type\":\"ImageObject\",\"inLanguage\":\"de\",\"@id\":\"https:\\\/\\\/eliansfadenzauber.de\\\/#\\\/schema\\\/logo\\\/image\\\/\",\"url\":\"https:\\\/\\\/eliansfadenzauber.de\\\/wp-content\\\/uploads\\\/2025\\\/01\\\/EliansfadenzauberLogo-1.png\",\"contentUrl\":\"https:\\\/\\\/eliansfadenzauber.de\\\/wp-content\\\/uploads\\\/2025\\\/01\\\/EliansfadenzauberLogo-1.png\",\"width\":799,\"height\":780,\"caption\":\"Elians Fadenzauber\"},\"image\":{\"@id\":\"https:\\\/\\\/eliansfadenzauber.de\\\/#\\\/schema\\\/logo\\\/image\\\/\"},\"sameAs\":[\"https:\\\/\\\/www.facebook.com\\\/EliansFadenzauber\",\"https:\\\/\\\/www.instagram.com\\\/eliansfadenzauber\\\/\"]}]}<\/script>\n<!-- \/ Yoast SEO plugin. -->","yoast_head_json":{"title":"Kinder Turnbeutel Cord - Elians Fadenzauber","robots":{"index":"index","follow":"follow","max-snippet":"max-snippet:-1","max-image-preview":"max-image-preview:large","max-video-preview":"max-video-preview:-1"},"canonical":"https:\/\/eliansfadenzauber.de\/?product=kinder-turnbeutel-cord","og_locale":"de_DE","og_type":"article","og_title":"Kinder Turnbeutel Cord - Elians Fadenzauber","og_description":"Ein liebevoll gen\u00e4hter Dino-Beutel, der Kinderherzen h\u00f6her schlagen l\u00e4sst \u2013 weich, praktisch &amp; einfach dinostark!","og_url":"https:\/\/eliansfadenzauber.de\/?product=kinder-turnbeutel-cord","og_site_name":"Elians Fadenzauber","article_publisher":"https:\/\/www.facebook.com\/EliansFadenzauber","article_modified_time":"2025-11-12T09:48:33+00:00","og_image":[{"width":1096,"height":1093,"url":"https:\/\/eliansfadenzauber.de\/wp-content\/uploads\/2025\/10\/Screenshot-2025-10-28-163349.png","type":"image\/png"}],"twitter_card":"summary_large_image","twitter_misc":{"Gesch\u00e4tzte Lesezeit":"1\u00a0Minute"},"schema":{"@context":"https:\/\/schema.org","@graph":[{"@type":"WebPage","@id":"https:\/\/eliansfadenzauber.de\/?product=kinder-turnbeutel-cord","url":"https:\/\/eliansfadenzauber.de\/?product=kinder-turnbeutel-cord","name":"Kinder Turnbeutel Cord - Elians Fadenzauber","isPartOf":{"@id":"https:\/\/eliansfadenzauber.de\/#website"},"primaryImageOfPage":{"@id":"https:\/\/eliansfadenzauber.de\/?product=kinder-turnbeutel-cord#primaryimage"},"image":{"@id":"https:\/\/eliansfadenzauber.de\/?product=kinder-turnbeutel-cord#primaryimage"},"thumbnailUrl":"https:\/\/eliansfadenzauber.de\/wp-content\/uploads\/2025\/10\/Screenshot-2025-10-28-163349.png","datePublished":"2025-10-28T15:32:16+00:00","dateModified":"2025-11-12T09:48:33+00:00","breadcrumb":{"@id":"https:\/\/eliansfadenzauber.de\/?product=kinder-turnbeutel-cord#breadcrumb"},"inLanguage":"de","potentialAction":[{"@type":"ReadAction","target":["https:\/\/eliansfadenzauber.de\/?product=kinder-turnbeutel-cord"]}]},{"@type":"ImageObject","inLanguage":"de","@id":"https:\/\/eliansfadenzauber.de\/?product=kinder-turnbeutel-cord#primaryimage","url":"https:\/\/eliansfadenzauber.de\/wp-content\/uploads\/2025\/10\/Screenshot-2025-10-28-163349.png","contentUrl":"https:\/\/eliansfadenzauber.de\/wp-content\/uploads\/2025\/10\/Screenshot-2025-10-28-163349.png","width":1096,"height":1093},{"@type":"BreadcrumbList","@id":"https:\/\/eliansfadenzauber.de\/?product=kinder-turnbeutel-cord#breadcrumb","itemListElement":[{"@type":"ListItem","position":1,"name":"Startseite","item":"https:\/\/eliansfadenzauber.de\/"},{"@type":"ListItem","position":2,"name":"Produkte","item":"https:\/\/eliansfadenzauber.de\/?page_id=7"},{"@type":"ListItem","position":3,"name":"Kinder Turnbeutel Cord"}]},{"@type":"WebSite","@id":"https:\/\/eliansfadenzauber.de\/#website","url":"https:\/\/eliansfadenzauber.de\/","name":"Elians Fadenzauber","description":"Handgefertigte Unikate und personalisierte Produkte. Individuell gestaltete Toniebox-Taschen, Rucks&auml;cke, Kleidung &amp; mehr. Perfekt f&uuml;r Gro&szlig; und Klein!","publisher":{"@id":"https:\/\/eliansfadenzauber.de\/#organization"},"potentialAction":[{"@type":"SearchAction","target":{"@type":"EntryPoint","urlTemplate":"https:\/\/eliansfadenzauber.de\/?s={search_term_string}"},"query-input":{"@type":"PropertyValueSpecification","valueRequired":true,"valueName":"search_term_string"}}],"inLanguage":"de"},{"@type":"Organization","@id":"https:\/\/eliansfadenzauber.de\/#organization","name":"Elians Fadenzauber","url":"https:\/\/eliansfadenzauber.de\/","logo":{"@type":"ImageObject","inLanguage":"de","@id":"https:\/\/eliansfadenzauber.de\/#\/schema\/logo\/image\/","url":"https:\/\/eliansfadenzauber.de\/wp-content\/uploads\/2025\/01\/EliansfadenzauberLogo-1.png","contentUrl":"https:\/\/eliansfadenzauber.de\/wp-content\/uploads\/2025\/01\/EliansfadenzauberLogo-1.png","width":799,"height":780,"caption":"Elians Fadenzauber"},"image":{"@id":"https:\/\/eliansfadenzauber.de\/#\/schema\/logo\/image\/"},"sameAs":["https:\/\/www.facebook.com\/EliansFadenzauber","https:\/\/www.instagram.com\/eliansfadenzauber\/"]}]}},"_links":{"self":[{"href":"https:\/\/eliansfadenzauber.de\/index.php?rest_route=\/wp\/v2\/product\/583","targetHints":{"allow":["GET"]}}],"collection":[{"href":"https:\/\/eliansfadenzauber.de\/index.php?rest_route=\/wp\/v2\/product"}],"about":[{"href":"https:\/\/eliansfadenzauber.de\/index.php?rest_route=\/wp\/v2\/types\/product"}],"wp:featuredmedia":[{"embeddable":true,"href":"https:\/\/eliansfadenzauber.de\/index.php?rest_route=\/wp\/v2\/media\/584"}],"wp:attachment":[{"href":"https:\/\/eliansfadenzauber.de\/index.php?rest_route=%2Fwp%2Fv2%2Fmedia&parent=583"}],"wp:term":[{"taxonomy":"product_brand","embeddable":true,"href":"https:\/\/eliansfadenzauber.de\/index.php?rest_route=%2Fwp%2Fv2%2Fproduct_brand&post=583"},{"taxonomy":"product_cat","embeddable":true,"href":"https:\/\/eliansfadenzauber.de\/index.php?rest_route=%2Fwp%2Fv2%2Fproduct_cat&post=583"},{"taxonomy":"product_tag","embeddable":true,"href":"https:\/\/eliansfadenzauber.de\/index.php?rest_route=%2Fwp%2Fv2%2Fproduct_tag&post=583"}],"curies":[{"name":"wp","href":"https:\/\/api.w.org\/{rel}","templated":true}]}}